{"id":5275,"date":"2014-05-24T13:51:08","date_gmt":"2014-05-24T13:51:08","guid":{"rendered":"http:\/\/wpresidence.net\/?page_id=9"},"modified":"2023-04-26T16:25:52","modified_gmt":"2023-04-26T21:25:52","slug":"terms-of-user","status":"publish","type":"page","link":"https:\/\/chipalo.com.co\/cms\/terms-of-user\/","title":{"rendered":"Uso del sitio web"},"content":{"rendered":"<p>Este sitio web est\u00e1 destinado \u00fanicamente para su uso personal y no comercial. Usted no puede modificar, copiar, distribuir, transmitir, mostrar, realizar, reproducir, publicar, otorgar licencias, crear trabajos derivados, transferir o vender ninguna informaci\u00f3n, software, productos o servicios obtenidos de este sitio web.<\/p>\n<p>&nbsp;<\/p>\n<p><strong>Propiedad intelectual:<\/strong><\/p>\n<p>Este sitio web y su contenido que incluyen\u00a0 textos, gr\u00e1ficos, im\u00e1genes, logotipos, iconos, software y dise\u00f1o, son propiedad exclusiva de nuestra constructora, salvo que se indique lo contrario. Usted no puede reproducir, modificar, distribuir, transmitir, mostrar, vender, otorgar licencias, crear trabajos derivados o utilizar cualquier contenido de este sitio web para fines comerciales sin el consentimiento expreso y por escrito de nuestra constructora.<\/p>\n<p>&nbsp;<\/p>\n<p><strong>Contenido del usuario:<\/strong><\/p>\n<p>Usted es responsable de todo el contenido que publique o cargue en este sitio web. Usted garantiza que tiene todos los derechos necesarios para publicar dicho contenido y que no viola ninguna ley, regulaci\u00f3n o derecho de terceros.<\/p>\n<p>&nbsp;<\/p>\n<p><strong>Enlaces:<\/strong><\/p>\n<p>Este sitio web puede contener enlaces a sitios web de terceros que no est\u00e1n bajo el control de nuestra constructora. Usted reconoce que nuestra constructora no es responsable de la exactitud, integridad, legalidad, seguridad o adecuaci\u00f3n de ning\u00fan contenido o servicio ofrecido en dichos sitios web.<\/p>\n<p>&nbsp;<\/p>\n<p><strong>Exclusi\u00f3n de garant\u00edas y responsabilidad:<\/strong><\/p>\n<p>Este sitio web se proporciona &#8220;tal cual&#8221; y sin garant\u00edas de ning\u00fan tipo, ya sean expresas o impl\u00edcitas. Usted utiliza este sitio web bajo su propio riesgo y responsabilidad. En ning\u00fan caso nuestra constructora ser\u00e1 responsable de ning\u00fan da\u00f1o directo, indirecto, incidental, especial o consecuencial que resulte del uso o la imposibilidad de uso de este sitio web.<\/p>\n<p>&nbsp;<\/p>\n<p><strong>Modificaciones:<\/strong><\/p>\n<p>Nos reservamos el derecho de modificar estos t\u00e9rminos de uso en cualquier momento y sin previo aviso. Es su responsabilidad revisar estos t\u00e9rminos de uso peri\u00f3dicamente para estar al tanto de cualquier cambio.<\/p>\n<p><strong>\u00a0<\/strong><\/p>\n<p><strong>Ley aplicable:<\/strong><\/p>\n<p>Estos t\u00e9rminos de uso se regir\u00e1n e interpretar\u00e1n de acuerdo con las leyes de Colombia y cualquier disputa relacionada con estos t\u00e9rminos de uso se resolver\u00e1 exclusivamente en los tribunales de Ibagu\u00e9.<\/p>\n","protected":false},"excerpt":{"rendered":"<p>Este sitio web est\u00e1 destinado \u00fanicamente para su uso personal y no comercial. Usted no puede modificar, copiar, distribuir, transmitir, mostrar, realizar, reproducir, publicar, otorgar licencias, crear trabajos derivados, transferir o vender ninguna informaci\u00f3n, software, productos o servicios obtenidos de este sitio web. &nbsp; Propiedad intelectual: Este sitio web y su contenido que incluyen\u00a0 textos, gr\u00e1ficos, im\u00e1genes, logotipos, iconos, software y dise\u00f1o, son propiedad &#8230;<\/p>\n","protected":false},"author":1,"featured_media":0,"parent":0,"menu_order":0,"comment_status":"closed","ping_status":"closed","template":"terms_conditions.php","meta":{"footnotes":""},"class_list":["post-5275","page","type-page","status-publish","hentry"],"_links":{"self":[{"href":"https:\/\/chipalo.com.co\/cms\/wp-json\/wp\/v2\/pages\/5275","targetHints":{"allow":["GET"]}}],"collection":[{"href":"https:\/\/chipalo.com.co\/cms\/wp-json\/wp\/v2\/pages"}],"about":[{"href":"https:\/\/chipalo.com.co\/cms\/wp-json\/wp\/v2\/types\/page"}],"author":[{"embeddable":true,"href":"https:\/\/chipalo.com.co\/cms\/wp-json\/wp\/v2\/users\/1"}],"replies":[{"embeddable":true,"href":"https:\/\/chipalo.com.co\/cms\/wp-json\/wp\/v2\/comments?post=5275"}],"version-history":[{"count":1,"href":"https:\/\/chipalo.com.co\/cms\/wp-json\/wp\/v2\/pages\/5275\/revisions"}],"predecessor-version":[{"id":20932,"href":"https:\/\/chipalo.com.co\/cms\/wp-json\/wp\/v2\/pages\/5275\/revisions\/20932"}],"wp:attachment":[{"href":"https:\/\/chipalo.com.co\/cms\/wp-json\/wp\/v2\/media?parent=5275"}],"curies":[{"name":"wp","href":"https:\/\/api.w.org\/{rel}","templated":true}]}}