{"id":20987,"date":"2023-06-26T09:48:58","date_gmt":"2023-06-26T14:48:58","guid":{"rendered":"https:\/\/chipalo.com.co\/cms\/?page_id=20987"},"modified":"2023-06-26T10:29:27","modified_gmt":"2023-06-26T15:29:27","slug":"iraka-arriendo","status":"publish","type":"page","link":"https:\/\/chipalo.com.co\/cms\/iraka-arriendo\/","title":{"rendered":"Iraka Arriendo"},"content":{"rendered":"\t\t<div data-elementor-type=\"wp-page\" data-elementor-id=\"20987\" class=\"elementor elementor-20987\" data-elementor-post-type=\"page\">\n\t\t\t\t\t\t<section class=\"elementor-section elementor-top-section elementor-element elementor-element-50bd661f elementor-section-boxed elementor-section-height-default elementor-section-height-default\" data-id=\"50bd661f\" data-element_type=\"section\">\n\t\t\t\t\t\t<div class=\"elementor-container elementor-column-gap-default\">\n\t\t\t\t\t<div class=\"elementor-column elementor-col-100 elementor-top-column elementor-element elementor-element-fb4a8d9\" data-id=\"fb4a8d9\" data-element_type=\"column\">\n\t\t\t<div class=\"elementor-widget-wrap elementor-element-populated\">\n\t\t\t\t\t\t<div class=\"elementor-element elementor-element-056f740 elementor-widget elementor-widget-spacer\" data-id=\"056f740\" data-element_type=\"widget\" data-widget_type=\"spacer.default\">\n\t\t\t\t<div class=\"elementor-widget-container\">\n\t\t\t\t\t\t\t<div class=\"elementor-spacer\">\n\t\t\t<div class=\"elementor-spacer-inner\"><\/div>\n\t\t<\/div>\n\t\t\t\t\t\t<\/div>\n\t\t\t\t<\/div>\n\t\t\t\t<div class=\"elementor-element elementor-element-cd8fe9f elementor-widget elementor-widget-heading\" data-id=\"cd8fe9f\" data-element_type=\"widget\" data-widget_type=\"heading.default\">\n\t\t\t\t<div class=\"elementor-widget-container\">\n\t\t\t\t\t<h2 class=\"elementor-heading-title elementor-size-default\">Material promocional sujeto a cambios sin previo aviso<\/h2>\t\t\t\t<\/div>\n\t\t\t\t<\/div>\n\t\t\t\t<div class=\"elementor-element elementor-element-1e758d1 elementor-widget elementor-widget-spacer\" data-id=\"1e758d1\" data-element_type=\"widget\" data-widget_type=\"spacer.default\">\n\t\t\t\t<div class=\"elementor-widget-container\">\n\t\t\t\t\t\t\t<div class=\"elementor-spacer\">\n\t\t\t<div class=\"elementor-spacer-inner\"><\/div>\n\t\t<\/div>\n\t\t\t\t\t\t<\/div>\n\t\t\t\t<\/div>\n\t\t\t\t<div class=\"elementor-element elementor-element-2e21eb3 elementor-widget elementor-widget-text-editor\" data-id=\"2e21eb3\" data-element_type=\"widget\" data-widget_type=\"text-editor.default\">\n\t\t\t\t<div class=\"elementor-widget-container\">\n\t\t\t\t\t\t\t\t\t<p>Esta ubicado en la zona del Vergel en la ciudad de Ibagu\u00e9 sobre la calle 78 colinda con Bijao del Vergel, el entorno est\u00e1 conformado por amplias zonas verdes y parques p\u00fablicos encadenados.<\/p>\t\t\t\t\t\t\t\t<\/div>\n\t\t\t\t<\/div>\n\t\t\t\t\t<\/div>\n\t\t<\/div>\n\t\t\t\t\t<\/div>\n\t\t<\/section>\n\t\t\t\t<section class=\"elementor-section elementor-top-section elementor-element elementor-element-82896c8 elementor-section-boxed elementor-section-height-default elementor-section-height-default\" data-id=\"82896c8\" data-element_type=\"section\">\n\t\t\t\t\t\t<div class=\"elementor-container elementor-column-gap-default\">\n\t\t\t\t\t<div class=\"elementor-column elementor-col-100 elementor-top-column elementor-element elementor-element-23debedf\" data-id=\"23debedf\" data-element_type=\"column\">\n\t\t\t<div class=\"elementor-widget-wrap elementor-element-populated\">\n\t\t\t\t\t\t<div class=\"elementor-element elementor-element-2ef84d25 elementor-widget elementor-widget-spacer\" data-id=\"2ef84d25\" data-element_type=\"widget\" data-widget_type=\"spacer.default\">\n\t\t\t\t<div class=\"elementor-widget-container\">\n\t\t\t\t\t\t\t<div class=\"elementor-spacer\">\n\t\t\t<div class=\"elementor-spacer-inner\"><\/div>\n\t\t<\/div>\n\t\t\t\t\t\t<\/div>\n\t\t\t\t<\/div>\n\t\t\t\t\t<\/div>\n\t\t<\/div>\n\t\t\t\t\t<\/div>\n\t\t<\/section>\n\t\t\t\t<section class=\"elementor-section elementor-top-section elementor-element elementor-element-50358a57 elementor-section-boxed elementor-section-height-default elementor-section-height-default\" data-id=\"50358a57\" data-element_type=\"section\">\n\t\t\t\t\t\t<div class=\"elementor-container elementor-column-gap-default\">\n\t\t\t\t\t<div class=\"elementor-column elementor-col-50 elementor-top-column elementor-element elementor-element-27d8039c\" data-id=\"27d8039c\" data-element_type=\"column\">\n\t\t\t<div class=\"elementor-widget-wrap elementor-element-populated\">\n\t\t\t\t\t\t<section class=\"elementor-section elementor-inner-section elementor-element elementor-element-669e24dd elementor-section-boxed elementor-section-height-default elementor-section-height-default\" data-id=\"669e24dd\" data-element_type=\"section\">\n\t\t\t\t\t\t<div class=\"elementor-container elementor-column-gap-default\">\n\t\t\t\t\t<div class=\"elementor-column elementor-col-100 elementor-inner-column elementor-element elementor-element-272d31ae\" data-id=\"272d31ae\" data-element_type=\"column\">\n\t\t\t<div class=\"elementor-widget-wrap elementor-element-populated\">\n\t\t\t\t\t\t<div class=\"elementor-element elementor-element-574147f9 elementor-widget elementor-widget-heading\" data-id=\"574147f9\" data-element_type=\"widget\" data-widget_type=\"heading.default\">\n\t\t\t\t<div class=\"elementor-widget-container\">\n\t\t\t\t\t<h2 class=\"elementor-heading-title elementor-size-default\">Iraka del Vergel<br>con todo lo que necesitas<\/h2>\t\t\t\t<\/div>\n\t\t\t\t<\/div>\n\t\t\t\t<div class=\"elementor-element elementor-element-7533de28 elementor-widget elementor-widget-spacer\" data-id=\"7533de28\" data-element_type=\"widget\" data-widget_type=\"spacer.default\">\n\t\t\t\t<div class=\"elementor-widget-container\">\n\t\t\t\t\t\t\t<div class=\"elementor-spacer\">\n\t\t\t<div class=\"elementor-spacer-inner\"><\/div>\n\t\t<\/div>\n\t\t\t\t\t\t<\/div>\n\t\t\t\t<\/div>\n\t\t\t\t\t<\/div>\n\t\t<\/div>\n\t\t\t\t\t<\/div>\n\t\t<\/section>\n\t\t\t\t<div class=\"elementor-element elementor-element-3549139e elementor-widget elementor-widget-text-editor\" data-id=\"3549139e\" data-element_type=\"widget\" data-widget_type=\"text-editor.default\">\n\t\t\t\t<div class=\"elementor-widget-container\">\n\t\t\t\t\t\t\t\t\t<p>Este proyecto se desarrolla en un lote de terreno de 41.892, compuesto por 125 lotes y una zona com\u00fan de 915 Metros aproximadamente, un parque de m\u00e1s de $1.600 M2.<\/p>\t\t\t\t\t\t\t\t<\/div>\n\t\t\t\t<\/div>\n\t\t\t\t\t<\/div>\n\t\t<\/div>\n\t\t\t\t<div class=\"elementor-column elementor-col-50 elementor-top-column elementor-element elementor-element-2107da87\" data-id=\"2107da87\" data-element_type=\"column\">\n\t\t\t<div class=\"elementor-widget-wrap elementor-element-populated\">\n\t\t\t\t\t\t<div class=\"elementor-element elementor-element-a3b53f9 elementor-widget elementor-widget-image\" data-id=\"a3b53f9\" data-element_type=\"widget\" data-widget_type=\"image.default\">\n\t\t\t\t<div class=\"elementor-widget-container\">\n\t\t\t\t\t\t\t\t\t\t\t\t\t\t\t<img fetchpriority=\"high\" decoding=\"async\" width=\"525\" height=\"569\" src=\"https:\/\/chipalo.com.co\/cms\/wp-content\/uploads\/2021\/12\/1.png\" class=\"attachment-large size-large wp-image-19771\" alt=\"\" srcset=\"https:\/\/chipalo.com.co\/cms\/wp-content\/uploads\/2021\/12\/1.png 525w, https:\/\/chipalo.com.co\/cms\/wp-content\/uploads\/2021\/12\/1-277x300.png 277w\" sizes=\"(max-width: 525px) 100vw, 525px\" \/>\t\t\t\t\t\t\t\t\t\t\t\t\t\t\t<\/div>\n\t\t\t\t<\/div>\n\t\t\t\t\t<\/div>\n\t\t<\/div>\n\t\t\t\t\t<\/div>\n\t\t<\/section>\n\t\t\t\t<section class=\"elementor-section elementor-top-section elementor-element elementor-element-3a7bd29 elementor-section-boxed elementor-section-height-default elementor-section-height-default\" data-id=\"3a7bd29\" data-element_type=\"section\">\n\t\t\t\t\t\t<div class=\"elementor-container elementor-column-gap-default\">\n\t\t\t\t\t<div class=\"elementor-column elementor-col-100 elementor-top-column elementor-element elementor-element-098add1\" data-id=\"098add1\" data-element_type=\"column\">\n\t\t\t<div class=\"elementor-widget-wrap elementor-element-populated\">\n\t\t\t\t\t\t<div class=\"elementor-element elementor-element-a85dd9e elementor-widget elementor-widget-spacer\" data-id=\"a85dd9e\" data-element_type=\"widget\" data-widget_type=\"spacer.default\">\n\t\t\t\t<div class=\"elementor-widget-container\">\n\t\t\t\t\t\t\t<div class=\"elementor-spacer\">\n\t\t\t<div class=\"elementor-spacer-inner\"><\/div>\n\t\t<\/div>\n\t\t\t\t\t\t<\/div>\n\t\t\t\t<\/div>\n\t\t\t\t\t<\/div>\n\t\t<\/div>\n\t\t\t\t\t<\/div>\n\t\t<\/section>\n\t\t\t\t<section class=\"elementor-section elementor-top-section elementor-element elementor-element-debf569 elementor-section-boxed elementor-section-height-default elementor-section-height-default\" data-id=\"debf569\" data-element_type=\"section\">\n\t\t\t\t\t\t<div class=\"elementor-container elementor-column-gap-default\">\n\t\t\t\t\t<div class=\"elementor-column elementor-col-50 elementor-top-column elementor-element elementor-element-8c62b39\" data-id=\"8c62b39\" data-element_type=\"column\">\n\t\t\t<div class=\"elementor-widget-wrap elementor-element-populated\">\n\t\t\t\t\t\t<div class=\"elementor-element elementor-element-10814231 elementor-widget elementor-widget-heading\" data-id=\"10814231\" data-element_type=\"widget\" data-widget_type=\"heading.default\">\n\t\t\t\t<div class=\"elementor-widget-container\">\n\t\t\t\t\t<h2 class=\"elementor-heading-title elementor-size-default\">Apartamento 1<\/h2>\t\t\t\t<\/div>\n\t\t\t\t<\/div>\n\t\t\t\t\t<\/div>\n\t\t<\/div>\n\t\t\t\t<div class=\"elementor-column elementor-col-50 elementor-top-column elementor-element elementor-element-376334f\" data-id=\"376334f\" data-element_type=\"column\">\n\t\t\t<div class=\"elementor-widget-wrap elementor-element-populated\">\n\t\t\t\t\t\t<div class=\"elementor-element elementor-element-f280a39 elementor-widget elementor-widget-heading\" data-id=\"f280a39\" data-element_type=\"widget\" data-widget_type=\"heading.default\">\n\t\t\t\t<div class=\"elementor-widget-container\">\n\t\t\t\t\t<h2 class=\"elementor-heading-title elementor-size-default\">Apartamento 2<\/h2>\t\t\t\t<\/div>\n\t\t\t\t<\/div>\n\t\t\t\t\t<\/div>\n\t\t<\/div>\n\t\t\t\t\t<\/div>\n\t\t<\/section>\n\t\t\t\t<section class=\"elementor-section elementor-top-section elementor-element elementor-element-1aab2c6a elementor-section-boxed elementor-section-height-default elementor-section-height-default\" data-id=\"1aab2c6a\" data-element_type=\"section\">\n\t\t\t\t\t\t<div class=\"elementor-container elementor-column-gap-default\">\n\t\t\t\t\t<div class=\"elementor-column elementor-col-100 elementor-top-column elementor-element elementor-element-345f6124\" data-id=\"345f6124\" data-element_type=\"column\">\n\t\t\t<div class=\"elementor-widget-wrap\">\n\t\t\t\t\t\t\t<\/div>\n\t\t<\/div>\n\t\t\t\t\t<\/div>\n\t\t<\/section>\n\t\t\t\t<section class=\"elementor-section elementor-top-section elementor-element elementor-element-513a52b elementor-section-boxed elementor-section-height-default elementor-section-height-default\" data-id=\"513a52b\" data-element_type=\"section\">\n\t\t\t\t\t\t<div class=\"elementor-container elementor-column-gap-default\">\n\t\t\t\t\t<div class=\"elementor-column elementor-col-50 elementor-top-column elementor-element elementor-element-bc0d0b7\" data-id=\"bc0d0b7\" data-element_type=\"column\">\n\t\t\t<div class=\"elementor-widget-wrap elementor-element-populated\">\n\t\t\t\t\t\t<div class=\"elementor-element elementor-element-74f66dc elementor-widget elementor-widget-image\" data-id=\"74f66dc\" data-element_type=\"widget\" data-widget_type=\"image.default\">\n\t\t\t\t<div class=\"elementor-widget-container\">\n\t\t\t\t\t\t\t\t\t\t\t\t\t\t\t<img decoding=\"async\" width=\"612\" height=\"792\" src=\"https:\/\/chipalo.com.co\/cms\/wp-content\/uploads\/2023\/06\/one.jpg\" class=\"attachment-large size-large wp-image-20990\" alt=\"\" srcset=\"https:\/\/chipalo.com.co\/cms\/wp-content\/uploads\/2023\/06\/one.jpg 612w, https:\/\/chipalo.com.co\/cms\/wp-content\/uploads\/2023\/06\/one-232x300.jpg 232w\" sizes=\"(max-width: 612px) 100vw, 612px\" \/>\t\t\t\t\t\t\t\t\t\t\t\t\t\t\t<\/div>\n\t\t\t\t<\/div>\n\t\t\t\t\t<\/div>\n\t\t<\/div>\n\t\t\t\t<div class=\"elementor-column elementor-col-50 elementor-top-column elementor-element elementor-element-158c89e\" data-id=\"158c89e\" data-element_type=\"column\">\n\t\t\t<div class=\"elementor-widget-wrap elementor-element-populated\">\n\t\t\t\t\t\t<div class=\"elementor-element elementor-element-e3a1d83 elementor-widget elementor-widget-image\" data-id=\"e3a1d83\" data-element_type=\"widget\" data-widget_type=\"image.default\">\n\t\t\t\t<div class=\"elementor-widget-container\">\n\t\t\t\t\t\t\t\t\t\t\t\t\t\t\t<img decoding=\"async\" width=\"612\" height=\"792\" src=\"https:\/\/chipalo.com.co\/cms\/wp-content\/uploads\/2023\/06\/two.jpg\" class=\"attachment-large size-large wp-image-20991\" alt=\"\" srcset=\"https:\/\/chipalo.com.co\/cms\/wp-content\/uploads\/2023\/06\/two.jpg 612w, https:\/\/chipalo.com.co\/cms\/wp-content\/uploads\/2023\/06\/two-232x300.jpg 232w\" sizes=\"(max-width: 612px) 100vw, 612px\" \/>\t\t\t\t\t\t\t\t\t\t\t\t\t\t\t<\/div>\n\t\t\t\t<\/div>\n\t\t\t\t\t<\/div>\n\t\t<\/div>\n\t\t\t\t\t<\/div>\n\t\t<\/section>\n\t\t\t\t<section class=\"elementor-section elementor-top-section elementor-element elementor-element-513792f elementor-section-boxed elementor-section-height-default elementor-section-height-default\" data-id=\"513792f\" data-element_type=\"section\">\n\t\t\t\t\t\t<div class=\"elementor-container elementor-column-gap-default\">\n\t\t\t\t\t<div class=\"elementor-column elementor-col-100 elementor-top-column elementor-element elementor-element-ce94f56\" data-id=\"ce94f56\" data-element_type=\"column\">\n\t\t\t<div class=\"elementor-widget-wrap elementor-element-populated\">\n\t\t\t\t\t\t<div class=\"elementor-element elementor-element-fe1acf0 elementor-widget elementor-widget-spacer\" data-id=\"fe1acf0\" data-element_type=\"widget\" data-widget_type=\"spacer.default\">\n\t\t\t\t<div class=\"elementor-widget-container\">\n\t\t\t\t\t\t\t<div class=\"elementor-spacer\">\n\t\t\t<div class=\"elementor-spacer-inner\"><\/div>\n\t\t<\/div>\n\t\t\t\t\t\t<\/div>\n\t\t\t\t<\/div>\n\t\t\t\t\t<\/div>\n\t\t<\/div>\n\t\t\t\t\t<\/div>\n\t\t<\/section>\n\t\t\t\t<section class=\"elementor-section elementor-top-section elementor-element elementor-element-55687f9c elementor-section-boxed elementor-section-height-default elementor-section-height-default\" data-id=\"55687f9c\" data-element_type=\"section\">\n\t\t\t\t\t\t<div class=\"elementor-container elementor-column-gap-default\">\n\t\t\t\t\t<div class=\"elementor-column elementor-col-100 elementor-top-column elementor-element elementor-element-50abb750\" data-id=\"50abb750\" data-element_type=\"column\">\n\t\t\t<div class=\"elementor-widget-wrap elementor-element-populated\">\n\t\t\t\t\t\t<div class=\"elementor-element elementor-element-498e95b0 elementor-widget elementor-widget-heading\" data-id=\"498e95b0\" data-element_type=\"widget\" data-widget_type=\"heading.default\">\n\t\t\t\t<div class=\"elementor-widget-container\">\n\t\t\t\t\t<h2 class=\"elementor-heading-title elementor-size-default\">Adem\u00e1s cuenta con zonas comunes como:<\/h2>\t\t\t\t<\/div>\n\t\t\t\t<\/div>\n\t\t\t\t\t<\/div>\n\t\t<\/div>\n\t\t\t\t\t<\/div>\n\t\t<\/section>\n\t\t\t\t<section class=\"elementor-section elementor-top-section elementor-element elementor-element-44c9ce03 elementor-section-boxed elementor-section-height-default elementor-section-height-default\" data-id=\"44c9ce03\" data-element_type=\"section\">\n\t\t\t\t\t\t<div class=\"elementor-container elementor-column-gap-default\">\n\t\t\t\t\t<div class=\"elementor-column elementor-col-100 elementor-top-column elementor-element elementor-element-7a7e9856\" data-id=\"7a7e9856\" data-element_type=\"column\">\n\t\t\t<div class=\"elementor-widget-wrap elementor-element-populated\">\n\t\t\t\t\t\t<div class=\"elementor-element elementor-element-4f9dc815 elementor-widget elementor-widget-spacer\" data-id=\"4f9dc815\" data-element_type=\"widget\" data-widget_type=\"spacer.default\">\n\t\t\t\t<div class=\"elementor-widget-container\">\n\t\t\t\t\t\t\t<div class=\"elementor-spacer\">\n\t\t\t<div class=\"elementor-spacer-inner\"><\/div>\n\t\t<\/div>\n\t\t\t\t\t\t<\/div>\n\t\t\t\t<\/div>\n\t\t\t\t<div class=\"elementor-element elementor-element-2ddf6a1d elementor-widget elementor-widget-image\" data-id=\"2ddf6a1d\" data-element_type=\"widget\" data-widget_type=\"image.default\">\n\t\t\t\t<div class=\"elementor-widget-container\">\n\t\t\t\t\t\t\t\t\t\t\t\t\t\t\t<img loading=\"lazy\" decoding=\"async\" width=\"1024\" height=\"219\" src=\"https:\/\/chipalo.com.co\/cms\/wp-content\/uploads\/2023\/06\/Bien-1024x219-1.png\" class=\"attachment-large size-large wp-image-20964\" alt=\"\" srcset=\"https:\/\/chipalo.com.co\/cms\/wp-content\/uploads\/2023\/06\/Bien-1024x219-1.png 1024w, https:\/\/chipalo.com.co\/cms\/wp-content\/uploads\/2023\/06\/Bien-1024x219-1-300x64.png 300w, https:\/\/chipalo.com.co\/cms\/wp-content\/uploads\/2023\/06\/Bien-1024x219-1-768x164.png 768w\" sizes=\"(max-width: 1024px) 100vw, 1024px\" \/>\t\t\t\t\t\t\t\t\t\t\t\t\t\t\t<\/div>\n\t\t\t\t<\/div>\n\t\t\t\t\t<\/div>\n\t\t<\/div>\n\t\t\t\t\t<\/div>\n\t\t<\/section>\n\t\t\t\t<\/div>\n\t\t","protected":false},"excerpt":{"rendered":"<p>Material promocional sujeto a cambios sin previo aviso Esta ubicado en la zona del Vergel en la ciudad de Ibagu\u00e9 sobre la calle 78 colinda con Bijao del Vergel, el entorno est\u00e1 conformado por amplias zonas verdes y parques p\u00fablicos encadenados. Iraka del Vergel con todo lo que necesitas Este proyecto se desarrolla en un lote de terreno de 41.892, compuesto por 125 lotes &#8230;<\/p>\n","protected":false},"author":1,"featured_media":0,"parent":0,"menu_order":0,"comment_status":"closed","ping_status":"closed","template":"","meta":{"footnotes":""},"class_list":["post-20987","page","type-page","status-publish","hentry"],"_links":{"self":[{"href":"https:\/\/chipalo.com.co\/cms\/wp-json\/wp\/v2\/pages\/20987","targetHints":{"allow":["GET"]}}],"collection":[{"href":"https:\/\/chipalo.com.co\/cms\/wp-json\/wp\/v2\/pages"}],"about":[{"href":"https:\/\/chipalo.com.co\/cms\/wp-json\/wp\/v2\/types\/page"}],"author":[{"embeddable":true,"href":"https:\/\/chipalo.com.co\/cms\/wp-json\/wp\/v2\/users\/1"}],"replies":[{"embeddable":true,"href":"https:\/\/chipalo.com.co\/cms\/wp-json\/wp\/v2\/comments?post=20987"}],"version-history":[{"count":4,"href":"https:\/\/chipalo.com.co\/cms\/wp-json\/wp\/v2\/pages\/20987\/revisions"}],"predecessor-version":[{"id":20994,"href":"https:\/\/chipalo.com.co\/cms\/wp-json\/wp\/v2\/pages\/20987\/revisions\/20994"}],"wp:attachment":[{"href":"https:\/\/chipalo.com.co\/cms\/wp-json\/wp\/v2\/media?parent=20987"}],"curies":[{"name":"wp","href":"https:\/\/api.w.org\/{rel}","templated":true}]}}